{"id":202,"date":"2025-11-05T12:00:00","date_gmt":"2025-11-05T12:00:00","guid":{"rendered":"http:\/\/localhost\/?page_id=3"},"modified":"2025-11-05T17:54:59","modified_gmt":"2025-11-05T16:54:59","slug":"sobre-el-proyecto","status":"publish","type":"page","link":"https:\/\/disforia.syf.es\/?page_id=202","title":{"rendered":"Sobre el Proyecto"},"content":{"rendered":"<p><img decoding=\"async\" src=\"https:\/\/disforia.syf.es\/wp-content\/uploads\/2025\/11\/05_proyecto_methylation.jpg\" alt=\"Metilaci\u00f3n del ADN\" style=\"width:100%; max-width:600px; height:auto; margin:20px auto; display:block;\"\/><\/p>\n<h2>Resumen Ejecutivo<\/h2>\n<p>Este proyecto de investigaci\u00f3n propone un estudio longitudinal pionero para investigar las bases gen\u00e9ticas y epigen\u00e9ticas de la incongruencia de g\u00e9nero en adolescentes de 12 a 16 a\u00f1os.<\/p>\n<p><img decoding=\"async\" src=\"https:\/\/disforia.syf.es\/wp-content\/uploads\/2025\/11\/06_proyecto_epigenetics.jpg\" alt=\"Mecanismos epigen\u00e9ticos\" style=\"width:100%; max-width:700px; height:auto; margin:20px auto; display:block;\"\/><\/p>\n<h2>Objetivos del Proyecto<\/h2>\n<p>Caracterizar el perfil gen\u00e9tico y epigen\u00e9tico de estos j\u00f3venes y evaluar los cambios epigen\u00e9ticos inducidos por el tratamiento con bloqueadores de la pubertad.<\/p>\n<p><img decoding=\"async\" src=\"https:\/\/disforia.syf.es\/wp-content\/uploads\/2025\/11\/07_proyecto_histone.jpg\" alt=\"Modificaciones de histonas\" style=\"width:100%; max-width:600px; height:auto; margin:20px auto; display:block;\"\/><\/p>\n<h3>Relevancia Cient\u00edfica<\/h3>\n<p>Este ser\u00e1 el primer estudio a nivel mundial que investiga de forma longitudinal las bases gen\u00e9ticas y epigen\u00e9ticas de la incongruencia de g\u00e9nero en una cohorte de adolescentes antes y despu\u00e9s de la intervenci\u00f3n con bloqueadores de la pubertad.<\/p>\n<p><img decoding=\"async\" src=\"https:\/\/disforia.syf.es\/wp-content\/uploads\/2025\/11\/08_proyecto_gene_expression.jpg\" alt=\"Expresi\u00f3n g\u00e9nica\" style=\"width:100%; max-width:700px; height:auto; margin:20px auto; display:block;\"\/><\/p>\n","protected":false},"excerpt":{"rendered":"<p>Resumen Ejecutivo Este proyecto de investigaci\u00f3n propone un estudio longitudinal pionero para investigar las bases gen\u00e9ticas y epigen\u00e9ticas de la [&hellip;]<\/p>\n","protected":false},"author":1,"featured_media":0,"parent":0,"menu_order":0,"comment_status":"closed","ping_status":"closed","template":"","meta":{"site-sidebar-layout":"default","site-content-layout":"","ast-site-content-layout":"default","site-content-style":"default","site-sidebar-style":"default","ast-global-header-display":"","ast-banner-title-visibility":"","ast-main-header-display":"","ast-hfb-above-header-display":"","ast-hfb-below-header-display":"","ast-hfb-mobile-header-display":"","site-post-title":"","ast-breadcrumbs-content":"","ast-featured-img":"","footer-sml-layout":"","theme-transparent-header-meta":"default","adv-header-id-meta":"","stick-header-meta":"","header-above-stick-meta":"","header-main-stick-meta":"","header-below-stick-meta":"","astra-migrate-meta-layouts":"set","ast-page-background-enabled":"default","ast-page-background-meta":{"desktop":{"background-color":"var(--ast-global-color-5)","background-image":"","background-repeat":"repeat","background-position":"center center","background-size":"auto","background-attachment":"scroll","background-type":"","background-media":"","overlay-type":"","overlay-color":"","overlay-opacity":"","overlay-gradient":""},"tablet":{"background-color":"","background-image":"","background-repeat":"repeat","background-position":"center center","background-size":"auto","background-attachment":"scroll","background-type":"","background-media":"","overlay-type":"","overlay-color":"","overlay-opacity":"","overlay-gradient":""},"mobile":{"background-color":"","background-image":"","background-repeat":"repeat","background-position":"center center","background-size":"auto","background-attachment":"scroll","background-type":"","background-media":"","overlay-type":"","overlay-color":"","overlay-opacity":"","overlay-gradient":""}},"ast-content-background-meta":{"desktop":{"background-color":"var(--ast-global-color-4)","background-image":"","background-repeat":"repeat","background-position":"center center","background-size":"auto","background-attachment":"scroll","background-type":"","background-media":"","overlay-type":"","overlay-color":"","overlay-opacity":"","overlay-gradient":""},"tablet":{"background-color":"var(--ast-global-color-4)","background-image":"","background-repeat":"repeat","background-position":"center center","background-size":"auto","background-attachment":"scroll","background-type":"","background-media":"","overlay-type":"","overlay-color":"","overlay-opacity":"","overlay-gradient":""},"mobile":{"background-color":"var(--ast-global-color-4)","background-image":"","background-repeat":"repeat","background-position":"center center","background-size":"auto","background-attachment":"scroll","background-type":"","background-media":"","overlay-type":"","overlay-color":"","overlay-opacity":"","overlay-gradient":""}},"footnotes":""},"class_list":["post-202","page","type-page","status-publish","hentry"],"_links":{"self":[{"href":"https:\/\/disforia.syf.es\/index.php?rest_route=\/wp\/v2\/pages\/202","targetHints":{"allow":["GET"]}}],"collection":[{"href":"https:\/\/disforia.syf.es\/index.php?rest_route=\/wp\/v2\/pages"}],"about":[{"href":"https:\/\/disforia.syf.es\/index.php?rest_route=\/wp\/v2\/types\/page"}],"author":[{"embeddable":true,"href":"https:\/\/disforia.syf.es\/index.php?rest_route=\/wp\/v2\/users\/1"}],"replies":[{"embeddable":true,"href":"https:\/\/disforia.syf.es\/index.php?rest_route=%2Fwp%2Fv2%2Fcomments&post=202"}],"version-history":[{"count":1,"href":"https:\/\/disforia.syf.es\/index.php?rest_route=\/wp\/v2\/pages\/202\/revisions"}],"predecessor-version":[{"id":231,"href":"https:\/\/disforia.syf.es\/index.php?rest_route=\/wp\/v2\/pages\/202\/revisions\/231"}],"wp:attachment":[{"href":"https:\/\/disforia.syf.es\/index.php?rest_route=%2Fwp%2Fv2%2Fmedia&parent=202"}],"curies":[{"name":"wp","href":"https:\/\/api.w.org\/{rel}","templated":true}]}}