{"id":203,"date":"2025-11-05T12:00:00","date_gmt":"2025-11-05T12:00:00","guid":{"rendered":"http:\/\/localhost\/?page_id=4"},"modified":"2025-11-06T13:29:46","modified_gmt":"2025-11-06T12:29:46","slug":"metodologia","status":"publish","type":"page","link":"https:\/\/disforia.syf.es\/?page_id=203","title":{"rendered":"Metodolog\u00eda"},"content":{"rendered":"<p><img decoding=\"async\" style=\"width: 100%; max-width: 700px; height: auto; margin: 20px auto; display: block;\" src=\"https:\/\/disforia.syf.es\/wp-content\/uploads\/2025\/11\/09_metodologia_sequencing.jpg\" alt=\"Secuenciaci\u00f3n de ADN\" \/><\/p>\n<h2>Dise\u00f1o del Estudio<\/h2>\n<p>Este proyecto se ha dise\u00f1ado como un estudio longitudinal, prospectivo y de casos y controles.<\/p>\n<p><img decoding=\"async\" style=\"width: 100%; max-width: 700px; height: auto; margin: 20px auto; display: block;\" src=\"https:\/\/disforia.syf.es\/wp-content\/uploads\/2025\/11\/10_metodologia_microarray.jpg\" alt=\"Tecnolog\u00eda de microarrays\" \/><\/p>\n<h3>Tecnolog\u00edas Utilizadas<\/h3>\n<p>Genotipado de exoma completo mediante Illumina Exome Beadchip GSA Array y an\u00e1lisis de metilaci\u00f3n del ADN mediante Illumina Infinium MethylationEPIC BeadChip.<\/p>\n<p><img decoding=\"async\" style=\"width: 100%; max-width: 600px; height: auto; margin: 20px auto; display: block;\" src=\"http:\/\/disforia.syf.es\/wp-content\/uploads\/2025\/11\/11_metodologia_illumina-1.webp\" alt=\"Secuenciador Illumina\" \/><\/p>\n<h3>Participantes<\/h3>\n<p>El objetivo es reclutar una muestra total de 200 participantes, con edades comprendidas entre 12 y 16 a\u00f1os, distribuidos en dos grupos: adolescentes con incongruencia de g\u00e9nero y controles cisg\u00e9nero.<\/p>\n<p><img decoding=\"async\" style=\"width: 100%; max-width: 700px; height: auto; margin: 20px auto; display: block;\" src=\"http:\/\/disforia.syf.es\/wp-content\/uploads\/2025\/11\/12_metodologia_technology-1-scaled.png\" alt=\"Tecnolog\u00edas de an\u00e1lisis gen\u00e9tico\" \/><\/p>\n","protected":false},"excerpt":{"rendered":"<p>Dise\u00f1o del Estudio Este proyecto se ha dise\u00f1ado como un estudio longitudinal, prospectivo y de casos y controles. Tecnolog\u00edas Utilizadas [&hellip;]<\/p>\n","protected":false},"author":1,"featured_media":0,"parent":0,"menu_order":0,"comment_status":"closed","ping_status":"closed","template":"","meta":{"site-sidebar-layout":"default","site-content-layout":"","ast-site-content-layout":"default","site-content-style":"default","site-sidebar-style":"default","ast-global-header-display":"","ast-banner-title-visibility":"","ast-main-header-display":"","ast-hfb-above-header-display":"","ast-hfb-below-header-display":"","ast-hfb-mobile-header-display":"","site-post-title":"","ast-breadcrumbs-content":"","ast-featured-img":"","footer-sml-layout":"","theme-transparent-header-meta":"default","adv-header-id-meta":"","stick-header-meta":"","header-above-stick-meta":"","header-main-stick-meta":"","header-below-stick-meta":"","astra-migrate-meta-layouts":"set","ast-page-background-enabled":"default","ast-page-background-meta":{"desktop":{"background-color":"var(--ast-global-color-5)","background-image":"","background-repeat":"repeat","background-position":"center center","background-size":"auto","background-attachment":"scroll","background-type":"","background-media":"","overlay-type":"","overlay-color":"","overlay-opacity":"","overlay-gradient":""},"tablet":{"background-color":"","background-image":"","background-repeat":"repeat","background-position":"center center","background-size":"auto","background-attachment":"scroll","background-type":"","background-media":"","overlay-type":"","overlay-color":"","overlay-opacity":"","overlay-gradient":""},"mobile":{"background-color":"","background-image":"","background-repeat":"repeat","background-position":"center center","background-size":"auto","background-attachment":"scroll","background-type":"","background-media":"","overlay-type":"","overlay-color":"","overlay-opacity":"","overlay-gradient":""}},"ast-content-background-meta":{"desktop":{"background-color":"var(--ast-global-color-4)","background-image":"","background-repeat":"repeat","background-position":"center center","background-size":"auto","background-attachment":"scroll","background-type":"","background-media":"","overlay-type":"","overlay-color":"","overlay-opacity":"","overlay-gradient":""},"tablet":{"background-color":"var(--ast-global-color-4)","background-image":"","background-repeat":"repeat","background-position":"center center","background-size":"auto","background-attachment":"scroll","background-type":"","background-media":"","overlay-type":"","overlay-color":"","overlay-opacity":"","overlay-gradient":""},"mobile":{"background-color":"var(--ast-global-color-4)","background-image":"","background-repeat":"repeat","background-position":"center center","background-size":"auto","background-attachment":"scroll","background-type":"","background-media":"","overlay-type":"","overlay-color":"","overlay-opacity":"","overlay-gradient":""}},"footnotes":""},"class_list":["post-203","page","type-page","status-publish","hentry"],"_links":{"self":[{"href":"https:\/\/disforia.syf.es\/index.php?rest_route=\/wp\/v2\/pages\/203","targetHints":{"allow":["GET"]}}],"collection":[{"href":"https:\/\/disforia.syf.es\/index.php?rest_route=\/wp\/v2\/pages"}],"about":[{"href":"https:\/\/disforia.syf.es\/index.php?rest_route=\/wp\/v2\/types\/page"}],"author":[{"embeddable":true,"href":"https:\/\/disforia.syf.es\/index.php?rest_route=\/wp\/v2\/users\/1"}],"replies":[{"embeddable":true,"href":"https:\/\/disforia.syf.es\/index.php?rest_route=%2Fwp%2Fv2%2Fcomments&post=203"}],"version-history":[{"count":4,"href":"https:\/\/disforia.syf.es\/index.php?rest_route=\/wp\/v2\/pages\/203\/revisions"}],"predecessor-version":[{"id":243,"href":"https:\/\/disforia.syf.es\/index.php?rest_route=\/wp\/v2\/pages\/203\/revisions\/243"}],"wp:attachment":[{"href":"https:\/\/disforia.syf.es\/index.php?rest_route=%2Fwp%2Fv2%2Fmedia&parent=203"}],"curies":[{"name":"wp","href":"https:\/\/api.w.org\/{rel}","templated":true}]}}