{"id":204,"date":"2025-11-05T12:00:00","date_gmt":"2025-11-05T12:00:00","guid":{"rendered":"http:\/\/localhost\/?page_id=5"},"modified":"2025-11-05T17:52:18","modified_gmt":"2025-11-05T16:52:18","slug":"equipo-investigador","status":"publish","type":"page","link":"https:\/\/disforia.syf.es\/?page_id=204","title":{"rendered":"Equipo Investigador"},"content":{"rendered":"<p><img decoding=\"async\" src=\"https:\/\/disforia.syf.es\/wp-content\/uploads\/2025\/11\/13_equipo_chromosomes.jpg\" alt=\"Cromosomas humanos\" style=\"width:100%; max-width:700px; height:auto; margin:20px auto; display:block;\"\/><\/p>\n<h2>Investigadora Principal<\/h2>\n<p><strong>Dra. Rosa Mar\u00eda Fern\u00e1ndez Garc\u00eda<\/strong><\/p>\n<p>Email: Rosa.fernandez@udc.es<\/p>\n<p>Tel\u00e9fono: 600007950<\/p>\n<p><img decoding=\"async\" src=\"https:\/\/disforia.syf.es\/wp-content\/uploads\/2025\/11\/14_equipo_chromosome_structure.jpg\" alt=\"Estructura cromos\u00f3mica\" style=\"width:100%; max-width:600px; height:auto; margin:20px auto; display:block;\"\/><\/p>\n<p>Investigadora principal del proyecto con amplia experiencia en gen\u00e9tica y epigen\u00e9tica de la incongruencia de g\u00e9nero.<\/p>\n<p><img decoding=\"async\" src=\"https:\/\/disforia.syf.es\/wp-content\/uploads\/2025\/11\/15_equipo_cell_dna.jpg\" alt=\"ADN celular\" style=\"width:100%; max-width:600px; height:auto; margin:20px auto; display:block;\"\/><\/p>\n<h3>L\u00edneas de Investigaci\u00f3n Previas<\/h3>\n<p>El equipo investigador ha contribuido significativamente al campo de la gen\u00e9tica y epigen\u00e9tica de la incongruencia de g\u00e9nero con m\u00faltiples publicaciones en revistas cient\u00edficas de alto impacto.<\/p>\n<p><img decoding=\"async\" src=\"https:\/\/disforia.syf.es\/wp-content\/uploads\/2025\/11\/16_equipo_human_cell.jpg\" alt=\"C\u00e9lula humana y ADN\" style=\"width:100%; max-width:700px; height:auto; margin:20px auto; display:block;\"\/><\/p>\n","protected":false},"excerpt":{"rendered":"<p>Investigadora Principal Dra. Rosa Mar\u00eda Fern\u00e1ndez Garc\u00eda Email: Rosa.fernandez@udc.es Tel\u00e9fono: 600007950 Investigadora principal del proyecto con amplia experiencia en gen\u00e9tica [&hellip;]<\/p>\n","protected":false},"author":1,"featured_media":0,"parent":0,"menu_order":0,"comment_status":"closed","ping_status":"closed","template":"","meta":{"site-sidebar-layout":"default","site-content-layout":"","ast-site-content-layout":"default","site-content-style":"default","site-sidebar-style":"default","ast-global-header-display":"","ast-banner-title-visibility":"","ast-main-header-display":"","ast-hfb-above-header-display":"","ast-hfb-below-header-display":"","ast-hfb-mobile-header-display":"","site-post-title":"","ast-breadcrumbs-content":"","ast-featured-img":"","footer-sml-layout":"","theme-transparent-header-meta":"default","adv-header-id-meta":"","stick-header-meta":"","header-above-stick-meta":"","header-main-stick-meta":"","header-below-stick-meta":"","astra-migrate-meta-layouts":"set","ast-page-background-enabled":"default","ast-page-background-meta":{"desktop":{"background-color":"var(--ast-global-color-5)","background-image":"","background-repeat":"repeat","background-position":"center center","background-size":"auto","background-attachment":"scroll","background-type":"","background-media":"","overlay-type":"","overlay-color":"","overlay-opacity":"","overlay-gradient":""},"tablet":{"background-color":"","background-image":"","background-repeat":"repeat","background-position":"center center","background-size":"auto","background-attachment":"scroll","background-type":"","background-media":"","overlay-type":"","overlay-color":"","overlay-opacity":"","overlay-gradient":""},"mobile":{"background-color":"","background-image":"","background-repeat":"repeat","background-position":"center center","background-size":"auto","background-attachment":"scroll","background-type":"","background-media":"","overlay-type":"","overlay-color":"","overlay-opacity":"","overlay-gradient":""}},"ast-content-background-meta":{"desktop":{"background-color":"var(--ast-global-color-4)","background-image":"","background-repeat":"repeat","background-position":"center center","background-size":"auto","background-attachment":"scroll","background-type":"","background-media":"","overlay-type":"","overlay-color":"","overlay-opacity":"","overlay-gradient":""},"tablet":{"background-color":"var(--ast-global-color-4)","background-image":"","background-repeat":"repeat","background-position":"center center","background-size":"auto","background-attachment":"scroll","background-type":"","background-media":"","overlay-type":"","overlay-color":"","overlay-opacity":"","overlay-gradient":""},"mobile":{"background-color":"var(--ast-global-color-4)","background-image":"","background-repeat":"repeat","background-position":"center center","background-size":"auto","background-attachment":"scroll","background-type":"","background-media":"","overlay-type":"","overlay-color":"","overlay-opacity":"","overlay-gradient":""}},"footnotes":""},"class_list":["post-204","page","type-page","status-publish","hentry"],"_links":{"self":[{"href":"https:\/\/disforia.syf.es\/index.php?rest_route=\/wp\/v2\/pages\/204","targetHints":{"allow":["GET"]}}],"collection":[{"href":"https:\/\/disforia.syf.es\/index.php?rest_route=\/wp\/v2\/pages"}],"about":[{"href":"https:\/\/disforia.syf.es\/index.php?rest_route=\/wp\/v2\/types\/page"}],"author":[{"embeddable":true,"href":"https:\/\/disforia.syf.es\/index.php?rest_route=\/wp\/v2\/users\/1"}],"replies":[{"embeddable":true,"href":"https:\/\/disforia.syf.es\/index.php?rest_route=%2Fwp%2Fv2%2Fcomments&post=204"}],"version-history":[{"count":1,"href":"https:\/\/disforia.syf.es\/index.php?rest_route=\/wp\/v2\/pages\/204\/revisions"}],"predecessor-version":[{"id":226,"href":"https:\/\/disforia.syf.es\/index.php?rest_route=\/wp\/v2\/pages\/204\/revisions\/226"}],"wp:attachment":[{"href":"https:\/\/disforia.syf.es\/index.php?rest_route=%2Fwp%2Fv2%2Fmedia&parent=204"}],"curies":[{"name":"wp","href":"https:\/\/api.w.org\/{rel}","templated":true}]}}