{"id":206,"date":"2025-11-05T12:00:00","date_gmt":"2025-11-05T12:00:00","guid":{"rendered":"http:\/\/localhost\/?page_id=7"},"modified":"2025-11-06T13:32:02","modified_gmt":"2025-11-06T12:32:02","slug":"etica-y-consentimiento","status":"publish","type":"page","link":"https:\/\/disforia.syf.es\/?page_id=206","title":{"rendered":"\u00c9tica y Consentimiento"},"content":{"rendered":"<p><img decoding=\"async\" src=\"https:\/\/disforia.syf.es\/wp-content\/uploads\/2025\/11\/21_etica_transcription.jpg\" alt=\"Transcripci\u00f3n gen\u00e9tica\" style=\"width:100%; max-width:700px; height:auto; margin:20px auto; display:block;\"\/><\/p>\n<h2>Compromiso \u00c9tico<\/h2>\n<p>El proyecto se lleva a cabo siguiendo los m\u00e1s estrictos est\u00e1ndares \u00e9ticos, garantizando la protecci\u00f3n y el bienestar de los participantes menores de edad.<\/p>\n<p><img decoding=\"async\" src=\"http:\/\/disforia.syf.es\/wp-content\/uploads\/2025\/11\/22_etica_gene_expression-1.png\" alt=\"Expresi\u00f3n g\u00e9nica\" style=\"width:100%; max-width:600px; height:auto; margin:20px auto; display:block;\"\/><\/p>\n<h3>Proceso de Consentimiento Informado<\/h3>\n<p>Se obtiene el consentimiento informado por escrito de los padres o tutores legales, y adicionalmente se solicita el asentimiento informado de los propios adolescentes.<\/p>\n<p><img decoding=\"async\" src=\"http:\/\/disforia.syf.es\/wp-content\/uploads\/2025\/11\/23_etica_dna_rna-1.png\" alt=\"ADN y ARN\" style=\"width:100%; max-width:600px; height:auto; margin:20px auto; display:block;\"\/><\/p>\n<h3>Protecci\u00f3n de Datos<\/h3>\n<p>Todos los datos personales y cl\u00ednicos se manejan de acuerdo con la normativa vigente de protecci\u00f3n de datos (RGPD). Los participantes son identificados mediante c\u00f3digos \u00fanicos que preservan su anonimato.<\/p>\n<p><img decoding=\"async\" src=\"http:\/\/disforia.syf.es\/wp-content\/uploads\/2025\/11\/24_etica_dna_transcription-1.jpg\" alt=\"Transcripci\u00f3n de ADN\" style=\"width:100%; max-width:600px; height:auto; margin:20px auto; display:block;\"\/><\/p>\n","protected":false},"excerpt":{"rendered":"<p>Compromiso \u00c9tico El proyecto se lleva a cabo siguiendo los m\u00e1s estrictos est\u00e1ndares \u00e9ticos, garantizando la protecci\u00f3n y el bienestar [&hellip;]<\/p>\n","protected":false},"author":1,"featured_media":0,"parent":0,"menu_order":0,"comment_status":"closed","ping_status":"closed","template":"","meta":{"site-sidebar-layout":"default","site-content-layout":"","ast-site-content-layout":"default","site-content-style":"default","site-sidebar-style":"default","ast-global-header-display":"","ast-banner-title-visibility":"","ast-main-header-display":"","ast-hfb-above-header-display":"","ast-hfb-below-header-display":"","ast-hfb-mobile-header-display":"","site-post-title":"","ast-breadcrumbs-content":"","ast-featured-img":"","footer-sml-layout":"","theme-transparent-header-meta":"default","adv-header-id-meta":"","stick-header-meta":"","header-above-stick-meta":"","header-main-stick-meta":"","header-below-stick-meta":"","astra-migrate-meta-layouts":"set","ast-page-background-enabled":"default","ast-page-background-meta":{"desktop":{"background-color":"var(--ast-global-color-5)","background-image":"","background-repeat":"repeat","background-position":"center center","background-size":"auto","background-attachment":"scroll","background-type":"","background-media":"","overlay-type":"","overlay-color":"","overlay-opacity":"","overlay-gradient":""},"tablet":{"background-color":"","background-image":"","background-repeat":"repeat","background-position":"center center","background-size":"auto","background-attachment":"scroll","background-type":"","background-media":"","overlay-type":"","overlay-color":"","overlay-opacity":"","overlay-gradient":""},"mobile":{"background-color":"","background-image":"","background-repeat":"repeat","background-position":"center center","background-size":"auto","background-attachment":"scroll","background-type":"","background-media":"","overlay-type":"","overlay-color":"","overlay-opacity":"","overlay-gradient":""}},"ast-content-background-meta":{"desktop":{"background-color":"var(--ast-global-color-4)","background-image":"","background-repeat":"repeat","background-position":"center center","background-size":"auto","background-attachment":"scroll","background-type":"","background-media":"","overlay-type":"","overlay-color":"","overlay-opacity":"","overlay-gradient":""},"tablet":{"background-color":"var(--ast-global-color-4)","background-image":"","background-repeat":"repeat","background-position":"center center","background-size":"auto","background-attachment":"scroll","background-type":"","background-media":"","overlay-type":"","overlay-color":"","overlay-opacity":"","overlay-gradient":""},"mobile":{"background-color":"var(--ast-global-color-4)","background-image":"","background-repeat":"repeat","background-position":"center center","background-size":"auto","background-attachment":"scroll","background-type":"","background-media":"","overlay-type":"","overlay-color":"","overlay-opacity":"","overlay-gradient":""}},"footnotes":""},"class_list":["post-206","page","type-page","status-publish","hentry"],"_links":{"self":[{"href":"https:\/\/disforia.syf.es\/index.php?rest_route=\/wp\/v2\/pages\/206","targetHints":{"allow":["GET"]}}],"collection":[{"href":"https:\/\/disforia.syf.es\/index.php?rest_route=\/wp\/v2\/pages"}],"about":[{"href":"https:\/\/disforia.syf.es\/index.php?rest_route=\/wp\/v2\/types\/page"}],"author":[{"embeddable":true,"href":"https:\/\/disforia.syf.es\/index.php?rest_route=\/wp\/v2\/users\/1"}],"replies":[{"embeddable":true,"href":"https:\/\/disforia.syf.es\/index.php?rest_route=%2Fwp%2Fv2%2Fcomments&post=206"}],"version-history":[{"count":4,"href":"https:\/\/disforia.syf.es\/index.php?rest_route=\/wp\/v2\/pages\/206\/revisions"}],"predecessor-version":[{"id":246,"href":"https:\/\/disforia.syf.es\/index.php?rest_route=\/wp\/v2\/pages\/206\/revisions\/246"}],"wp:attachment":[{"href":"https:\/\/disforia.syf.es\/index.php?rest_route=%2Fwp%2Fv2%2Fmedia&parent=206"}],"curies":[{"name":"wp","href":"https:\/\/api.w.org\/{rel}","templated":true}]}}