{"id":207,"date":"2025-11-05T12:00:00","date_gmt":"2025-11-05T12:00:00","guid":{"rendered":"http:\/\/localhost\/?page_id=8"},"modified":"2025-11-05T17:59:14","modified_gmt":"2025-11-05T16:59:14","slug":"publicaciones","status":"publish","type":"page","link":"https:\/\/disforia.syf.es\/?page_id=207","title":{"rendered":"Publicaciones"},"content":{"rendered":"<p><img decoding=\"async\" style=\"width: 100%; max-width: 600px; height: auto; margin: 20px auto; display: block;\" src=\"https:\/\/disforia.syf.es\/wp-content\/uploads\/2025\/11\/25_publicaciones_microarray_chip.jpg\" alt=\"Chip de microarray\" \/><\/p>\n<h2>Publicaciones del Equipo Investigador<\/h2>\n<p>El equipo ha contribuido significativamente al campo de la gen\u00e9tica y epigen\u00e9tica de la incongruencia de g\u00e9nero.<\/p>\n<p><img decoding=\"async\" style=\"width: 100%; max-width: 500px; height: auto; margin: 20px auto; display: block;\" src=\"https:\/\/disforia.syf.es\/wp-content\/uploads\/2025\/11\/26_publicaciones_microarray_build.jpg\" alt=\"Construcci\u00f3n de microarrays\" \/><\/p>\n<h3>L\u00edneas de Investigaci\u00f3n<\/h3>\n<p>Desde 2014, el equipo ha publicado m\u00faltiples estudios sobre la asociaci\u00f3n entre polimorfismos gen\u00e9ticos y la incongruencia de g\u00e9nero, as\u00ed como sobre el impacto de la terapia hormonal en la metilaci\u00f3n del ADN.<\/p>\n<p><img loading=\"lazy\" decoding=\"async\" class=\"alignnone size-medium wp-image-95\" src=\"http:\/\/disforia.syf.es\/wp-content\/uploads\/2025\/11\/27_publicaciones_microarray_analysis-300x204.png\" alt=\"\" width=\"300\" height=\"204\" srcset=\"https:\/\/disforia.syf.es\/wp-content\/uploads\/2025\/11\/27_publicaciones_microarray_analysis-300x204.png 300w, https:\/\/disforia.syf.es\/wp-content\/uploads\/2025\/11\/27_publicaciones_microarray_analysis.png 600w\" sizes=\"auto, (max-width: 300px) 100vw, 300px\" \/><\/p>\n<p>Las investigaciones previas han sentado las bases para este estudio longitudinal, proporcionando evidencia de la importancia de los factores gen\u00e9ticos y epigen\u00e9ticos en la incongruencia de g\u00e9nero.<\/p>\n<p><img loading=\"lazy\" decoding=\"async\" class=\"alignnone size-medium wp-image-96\" src=\"http:\/\/disforia.syf.es\/wp-content\/uploads\/2025\/11\/28_publicaciones_microarray_tech-300x200.gif\" alt=\"\" width=\"300\" height=\"200\" \/><\/p>\n","protected":false},"excerpt":{"rendered":"<p>Publicaciones del Equipo Investigador El equipo ha contribuido significativamente al campo de la gen\u00e9tica y epigen\u00e9tica de la incongruencia de [&hellip;]<\/p>\n","protected":false},"author":1,"featured_media":0,"parent":0,"menu_order":0,"comment_status":"closed","ping_status":"closed","template":"","meta":{"site-sidebar-layout":"default","site-content-layout":"","ast-site-content-layout":"default","site-content-style":"default","site-sidebar-style":"default","ast-global-header-display":"","ast-banner-title-visibility":"","ast-main-header-display":"","ast-hfb-above-header-display":"","ast-hfb-below-header-display":"","ast-hfb-mobile-header-display":"","site-post-title":"","ast-breadcrumbs-content":"","ast-featured-img":"","footer-sml-layout":"","theme-transparent-header-meta":"default","adv-header-id-meta":"","stick-header-meta":"","header-above-stick-meta":"","header-main-stick-meta":"","header-below-stick-meta":"","astra-migrate-meta-layouts":"set","ast-page-background-enabled":"default","ast-page-background-meta":{"desktop":{"background-color":"var(--ast-global-color-5)","background-image":"","background-repeat":"repeat","background-position":"center center","background-size":"auto","background-attachment":"scroll","background-type":"","background-media":"","overlay-type":"","overlay-color":"","overlay-opacity":"","overlay-gradient":""},"tablet":{"background-color":"","background-image":"","background-repeat":"repeat","background-position":"center center","background-size":"auto","background-attachment":"scroll","background-type":"","background-media":"","overlay-type":"","overlay-color":"","overlay-opacity":"","overlay-gradient":""},"mobile":{"background-color":"","background-image":"","background-repeat":"repeat","background-position":"center center","background-size":"auto","background-attachment":"scroll","background-type":"","background-media":"","overlay-type":"","overlay-color":"","overlay-opacity":"","overlay-gradient":""}},"ast-content-background-meta":{"desktop":{"background-color":"var(--ast-global-color-4)","background-image":"","background-repeat":"repeat","background-position":"center center","background-size":"auto","background-attachment":"scroll","background-type":"","background-media":"","overlay-type":"","overlay-color":"","overlay-opacity":"","overlay-gradient":""},"tablet":{"background-color":"var(--ast-global-color-4)","background-image":"","background-repeat":"repeat","background-position":"center center","background-size":"auto","background-attachment":"scroll","background-type":"","background-media":"","overlay-type":"","overlay-color":"","overlay-opacity":"","overlay-gradient":""},"mobile":{"background-color":"var(--ast-global-color-4)","background-image":"","background-repeat":"repeat","background-position":"center center","background-size":"auto","background-attachment":"scroll","background-type":"","background-media":"","overlay-type":"","overlay-color":"","overlay-opacity":"","overlay-gradient":""}},"footnotes":""},"class_list":["post-207","page","type-page","status-publish","hentry"],"_links":{"self":[{"href":"https:\/\/disforia.syf.es\/index.php?rest_route=\/wp\/v2\/pages\/207","targetHints":{"allow":["GET"]}}],"collection":[{"href":"https:\/\/disforia.syf.es\/index.php?rest_route=\/wp\/v2\/pages"}],"about":[{"href":"https:\/\/disforia.syf.es\/index.php?rest_route=\/wp\/v2\/types\/page"}],"author":[{"embeddable":true,"href":"https:\/\/disforia.syf.es\/index.php?rest_route=\/wp\/v2\/users\/1"}],"replies":[{"embeddable":true,"href":"https:\/\/disforia.syf.es\/index.php?rest_route=%2Fwp%2Fv2%2Fcomments&post=207"}],"version-history":[{"count":2,"href":"https:\/\/disforia.syf.es\/index.php?rest_route=\/wp\/v2\/pages\/207\/revisions"}],"predecessor-version":[{"id":232,"href":"https:\/\/disforia.syf.es\/index.php?rest_route=\/wp\/v2\/pages\/207\/revisions\/232"}],"wp:attachment":[{"href":"https:\/\/disforia.syf.es\/index.php?rest_route=%2Fwp%2Fv2%2Fmedia&parent=207"}],"curies":[{"name":"wp","href":"https:\/\/api.w.org\/{rel}","templated":true}]}}